{"id":5338,"date":"2024-03-04T16:47:56","date_gmt":"2024-03-04T16:47:56","guid":{"rendered":"https:\/\/opikar-furniture.com\/usluge\/"},"modified":"2024-11-21T11:16:00","modified_gmt":"2024-11-21T11:16:00","slug":"usluge","status":"publish","type":"page","link":"https:\/\/opikar-furniture.com\/hr\/usluge\/","title":{"rendered":"Usluge"},"content":{"rendered":"\t\t<div data-elementor-type=\"wp-page\" data-elementor-id=\"5338\" class=\"elementor elementor-5338 elementor-1748\" data-elementor-post-type=\"page\">\n\t\t\t\t\t\t<section class=\"wd-negative-gap elementor-section elementor-top-section elementor-element elementor-element-79194a5 elementor-section-content-middle elementor-reverse-tablet elementor-reverse-mobile elementor-section-boxed elementor-section-height-default elementor-section-height-default\" data-id=\"79194a5\" data-element_type=\"section\">\n\t\t\t\t\t\t<div class=\"elementor-container elementor-column-gap-wide\">\n\t\t\t\t\t<div class=\"elementor-column elementor-col-50 elementor-top-column elementor-element elementor-element-3dfbe22\" data-id=\"3dfbe22\" data-element_type=\"column\">\n\t\t\t<div class=\"elementor-widget-wrap elementor-element-populated\">\n\t\t\t\t\t\t<div class=\"elementor-element elementor-element-dee8868 elementor-widget elementor-widget-image\" data-id=\"dee8868\" data-element_type=\"widget\" data-widget_type=\"image.default\">\n\t\t\t\t<div class=\"elementor-widget-container\">\n\t\t\t\t\t\t\t\t\t\t\t\t\t<img decoding=\"async\" src=\"https:\/\/opikar-furniture.com\/wp-content\/uploads\/elementor\/thumbs\/Depositphotos_96657152_DS-qormsusuhrw2trydir6c2mufmgeh0uno2wlj42iotk.jpg\" title=\"Depositphotos_96657152_DS\" alt=\"Depositphotos_96657152_DS\" loading=\"lazy\" \/>\t\t\t\t\t\t\t\t\t\t\t\t\t<\/div>\n\t\t\t\t<\/div>\n\t\t\t\t\t<\/div>\n\t\t<\/div>\n\t\t\t\t<div class=\"elementor-column elementor-col-50 elementor-top-column elementor-element elementor-element-4220609\" data-id=\"4220609\" data-element_type=\"column\">\n\t\t\t<div class=\"elementor-widget-wrap elementor-element-populated\">\n\t\t\t\t\t\t<div class=\"elementor-element elementor-element-470e7af wd-width-100 elementor-widget elementor-widget-wd_title\" data-id=\"470e7af\" data-element_type=\"widget\" data-widget_type=\"wd_title.default\">\n\t\t\t\t<div class=\"elementor-widget-container\">\n\t\t\t\t\t<div class=\"title-wrapper set-mb-s reset-last-child wd-title-color-default wd-title-style-default wd-title-size-default text-left\">\n\n\t\t\t\n\t\t\t<div class=\"liner-continer\">\n\t\t\t\t<h4 class=\"woodmart-title-container title wd-fontsize-l\">Izrada namje\u0161taja<\/h4> \n\t\t\t\t\t\t\t<\/div>\n\n\t\t\t\t\t<\/div>\n\t\t\t\t<\/div>\n\t\t\t\t<\/div>\n\t\t\t\t<div class=\"elementor-element elementor-element-29c0950 color-scheme-inherit text-left elementor-widget elementor-widget-text-editor\" data-id=\"29c0950\" data-element_type=\"widget\" data-widget_type=\"text-editor.default\">\n\t\t\t\t<div class=\"elementor-widget-container\">\n\t\t\t\t\t\t\t<p data-pm-slice=\"1 1 [\"list\",{},\"list_item\",{\"indent\":1,\"type\":\"numbered\"}]\">Osim moderno opremljene radionice, stru\u010dnost na\u0161ih zaposlenika ostaje na\u0161 najve\u0107i prioritet. Ru\u010dni rad u kombinaciji s modernom tehnologijom jam\u010di da su na\u0161i proizvodi suvremeni, a istovremeno jedinstveni. Nudimo cjelovitu ponudu: savjetovanje, idejno rje\u0161enje, projektiranje, izradu, monta\u017eu.  <\/p>\n\t\t\t\t\t\t<\/div>\n\t\t\t\t<\/div>\n\t\t\t\t<div class=\"elementor-element elementor-element-e714e62 elementor-icon-list--layout-traditional elementor-list-item-link-full_width elementor-widget elementor-widget-icon-list\" data-id=\"e714e62\" data-element_type=\"widget\" data-widget_type=\"icon-list.default\">\n\t\t\t\t<div class=\"elementor-widget-container\">\n\t\t\t\t\t<ul class=\"elementor-icon-list-items\">\n\t\t\t\t\t\t\t<li class=\"elementor-icon-list-item\">\n\t\t\t\t\t\t\t\t\t\t\t<a href=\"\/hr\/#notranja-oprema-po-vasi-meri\">\n\n\t\t\t\t\t\t\t\t\t\t\t\t<span class=\"elementor-icon-list-icon\">\n\t\t\t\t\t\t\t<svg aria-hidden=\"true\" class=\"e-font-icon-svg e-fas-chevron-right\" viewBox=\"0 0 320 512\" xmlns=\"http:\/\/www.w3.org\/2000\/svg\"><path d=\"M285.476 272.971L91.132 467.314c-9.373 9.373-24.569 9.373-33.941 0l-22.667-22.667c-9.357-9.357-9.375-24.522-.04-33.901L188.505 256 34.484 101.255c-9.335-9.379-9.317-24.544.04-33.901l22.667-22.667c9.373-9.373 24.569-9.373 33.941 0L285.475 239.03c9.373 9.372 9.373 24.568.001 33.941z\"><\/path><\/svg>\t\t\t\t\t\t<\/span>\n\t\t\t\t\t\t\t\t\t\t<span class=\"elementor-icon-list-text\">Interijer po va\u0161oj mjeri<\/span>\n\t\t\t\t\t\t\t\t\t\t\t<\/a>\n\t\t\t\t\t\t\t\t\t<\/li>\n\t\t\t\t\t\t\t\t<li class=\"elementor-icon-list-item\">\n\t\t\t\t\t\t\t\t\t\t\t<a href=\"\/hr\/#pohistvo-za-zdravstvo-in-farmacijo\">\n\n\t\t\t\t\t\t\t\t\t\t\t\t<span class=\"elementor-icon-list-icon\">\n\t\t\t\t\t\t\t<svg aria-hidden=\"true\" class=\"e-font-icon-svg e-fas-chevron-right\" viewBox=\"0 0 320 512\" xmlns=\"http:\/\/www.w3.org\/2000\/svg\"><path d=\"M285.476 272.971L91.132 467.314c-9.373 9.373-24.569 9.373-33.941 0l-22.667-22.667c-9.357-9.357-9.375-24.522-.04-33.901L188.505 256 34.484 101.255c-9.335-9.379-9.317-24.544.04-33.901l22.667-22.667c9.373-9.373 24.569-9.373 33.941 0L285.475 239.03c9.373 9.372 9.373 24.568.001 33.941z\"><\/path><\/svg>\t\t\t\t\t\t<\/span>\n\t\t\t\t\t\t\t\t\t\t<span class=\"elementor-icon-list-text\">Namje\u0161taj za zdravstvo i ljekarne<\/span>\n\t\t\t\t\t\t\t\t\t\t\t<\/a>\n\t\t\t\t\t\t\t\t\t<\/li>\n\t\t\t\t\t\t<\/ul>\n\t\t\t\t<\/div>\n\t\t\t\t<\/div>\n\t\t\t\t\t<\/div>\n\t\t<\/div>\n\t\t\t\t\t<\/div>\n\t\t<\/section>\n\t\t<div class=\"wd-negative-gap elementor-element elementor-element-48f1b60 e-flex e-con-boxed e-con e-parent\" data-id=\"48f1b60\" data-element_type=\"container\">\n\t\t\t\t\t<div class=\"e-con-inner\">\n\t\t\t\t<div class=\"elementor-element elementor-element-08c5f64 elementor-position-top elementor-widget elementor-widget-image-box\" data-id=\"08c5f64\" data-element_type=\"widget\" data-widget_type=\"image-box.default\">\n\t\t\t\t<div class=\"elementor-widget-container\">\n\t\t\t<div class=\"elementor-image-box-wrapper\"><figure class=\"elementor-image-box-img\"><img decoding=\"async\" src=\"https:\/\/opikar-furniture.com\/wp-content\/uploads\/elementor\/thumbs\/izmera-opikar-qkpfo4pdh0b1kal6b416jq1as41ga3eizr74xwqbfk.png\" title=\"izmera-opikar\" alt=\"izmera-opikar\" loading=\"lazy\" \/><\/figure><div class=\"elementor-image-box-content\"><h3 class=\"elementor-image-box-title\">Izmjera<\/h3><\/div><\/div>\t\t<\/div>\n\t\t\t\t<\/div>\n\t\t\t\t<div class=\"elementor-element elementor-element-25c2f55 elementor-position-top elementor-widget elementor-widget-image-box\" data-id=\"25c2f55\" data-element_type=\"widget\" data-widget_type=\"image-box.default\">\n\t\t\t\t<div class=\"elementor-widget-container\">\n\t\t\t<div class=\"elementor-image-box-wrapper\"><figure class=\"elementor-image-box-img\"><img decoding=\"async\" src=\"https:\/\/opikar-furniture.com\/wp-content\/uploads\/elementor\/thumbs\/dizajn-opikar-qkpfo7iw1iewj4h2un9297bok9njx6pq055ldqm4ww.png\" title=\"dizajn-opikar\" alt=\"dizajn-opikar\" loading=\"lazy\" \/><\/figure><div class=\"elementor-image-box-content\"><h3 class=\"elementor-image-box-title\">Dizajn<\/h3><\/div><\/div>\t\t<\/div>\n\t\t\t\t<\/div>\n\t\t\t\t<div class=\"elementor-element elementor-element-d9b8853 elementor-position-top elementor-widget elementor-widget-image-box\" data-id=\"d9b8853\" data-element_type=\"widget\" data-widget_type=\"image-box.default\">\n\t\t\t\t<div class=\"elementor-widget-container\">\n\t\t\t<div class=\"elementor-image-box-wrapper\"><figure class=\"elementor-image-box-img\"><img decoding=\"async\" src=\"https:\/\/opikar-furniture.com\/wp-content\/uploads\/elementor\/thumbs\/izdelava-opikar-qkpfo2tp3c8gx2nwm37xeqidlcapup72bhw5zct3s0.png\" title=\"izdelava-opikar\" alt=\"izdelava-opikar\" loading=\"lazy\" \/><\/figure><div class=\"elementor-image-box-content\"><h3 class=\"elementor-image-box-title\">Izrada<\/h3><\/div><\/div>\t\t<\/div>\n\t\t\t\t<\/div>\n\t\t\t\t<div class=\"elementor-element elementor-element-963a4b3 elementor-position-top elementor-widget elementor-widget-image-box\" data-id=\"963a4b3\" data-element_type=\"widget\" data-widget_type=\"image-box.default\">\n\t\t\t\t<div class=\"elementor-widget-container\">\n\t\t\t<div class=\"elementor-image-box-wrapper\"><figure class=\"elementor-image-box-img\"><img decoding=\"async\" src=\"https:\/\/opikar-furniture.com\/wp-content\/uploads\/elementor\/thumbs\/montaza-opikar-qkpfo3rja69r8omjglmjz89u6q632easnmjngmrpls.png\" title=\"montaza-opikar\" alt=\"montaza-opikar\" loading=\"lazy\" \/><\/figure><div class=\"elementor-image-box-content\"><h3 class=\"elementor-image-box-title\">Monta\u017ea<\/h3><\/div><\/div>\t\t<\/div>\n\t\t\t\t<\/div>\n\t\t\t\t\t<\/div>\n\t\t\t\t<\/div>\n\t\t\t\t<\/div>\n\t\t","protected":false},"excerpt":{"rendered":"<p>Izrada namje\u0161taja Osim moderno opremljene radionice, stru\u010dnost na\u0161ih zaposlenika ostaje na\u0161 najve\u0107i prioritet. Ru\u010dni rad u kombinaciji s modernom tehnologijom<\/p>\n","protected":false},"author":1,"featured_media":0,"parent":0,"menu_order":0,"comment_status":"closed","ping_status":"closed","template":"elementor_header_footer","meta":{"footnotes":""},"class_list":["post-5338","page","type-page","status-publish","hentry"],"yoast_head":"<!-- This site is optimized with the Yoast SEO plugin v22.7 - https:\/\/yoast.com\/wordpress\/plugins\/seo\/ -->\n<title>Usluge - OPIKAR Furniture<\/title>\n<meta name=\"description\" content=\"Na\u0161e usluge uklju\u010duju projektiranje, proizvodnju, monta\u017eu, odr\u017eavanje, a\u017euriranje i prilagodbu namje\u0161taja i unutarnjeg ure\u0111enja za razli\u010dite vrste prostora.\" \/>\n<meta name=\"robots\" content=\"index, follow, max-snippet:-1, max-image-preview:large, max-video-preview:-1\" \/>\n<link rel=\"canonical\" href=\"https:\/\/opikar-furniture.com\/hr\/usluge\/\" \/>\n<meta property=\"og:locale\" content=\"hr_HR\" \/>\n<meta property=\"og:type\" content=\"article\" \/>\n<meta property=\"og:title\" content=\"Usluge - OPIKAR Furniture\" \/>\n<meta property=\"og:description\" content=\"Na\u0161e usluge uklju\u010duju projektiranje, proizvodnju, monta\u017eu, odr\u017eavanje, a\u017euriranje i prilagodbu namje\u0161taja i unutarnjeg ure\u0111enja za razli\u010dite vrste prostora.\" \/>\n<meta property=\"og:url\" content=\"https:\/\/opikar-furniture.com\/hr\/usluge\/\" \/>\n<meta property=\"og:site_name\" content=\"OPIKAR Furniture\" \/>\n<meta property=\"article:modified_time\" content=\"2024-11-21T11:16:00+00:00\" \/>\n<meta property=\"og:image\" content=\"https:\/\/opikar-furniture.com\/wp-content\/uploads\/elementor\/thumbs\/Depositphotos_96657152_DS-qormsusuhrw2trydir6c2mufmgeh0uno2wlj42iotk.jpg\" \/>\n<meta name=\"twitter:card\" content=\"summary_large_image\" \/>\n<script type=\"application\/ld+json\" class=\"yoast-schema-graph\">{\"@context\":\"https:\/\/schema.org\",\"@graph\":[{\"@type\":\"WebPage\",\"@id\":\"https:\/\/opikar-furniture.com\/hr\/usluge\/\",\"url\":\"https:\/\/opikar-furniture.com\/hr\/usluge\/\",\"name\":\"Usluge - OPIKAR Furniture\",\"isPartOf\":{\"@id\":\"https:\/\/opikar-furniture.com\/hr\/#website\"},\"primaryImageOfPage\":{\"@id\":\"https:\/\/opikar-furniture.com\/hr\/usluge\/#primaryimage\"},\"image\":{\"@id\":\"https:\/\/opikar-furniture.com\/hr\/usluge\/#primaryimage\"},\"thumbnailUrl\":\"https:\/\/opikar-furniture.com\/wp-content\/uploads\/elementor\/thumbs\/Depositphotos_96657152_DS-qormsusuhrw2trydir6c2mufmgeh0uno2wlj42iotk.jpg\",\"datePublished\":\"2024-03-04T16:47:56+00:00\",\"dateModified\":\"2024-11-21T11:16:00+00:00\",\"description\":\"Na\u0161e usluge uklju\u010duju projektiranje, proizvodnju, monta\u017eu, odr\u017eavanje, a\u017euriranje i prilagodbu namje\u0161taja i unutarnjeg ure\u0111enja za razli\u010dite vrste prostora.\",\"breadcrumb\":{\"@id\":\"https:\/\/opikar-furniture.com\/hr\/usluge\/#breadcrumb\"},\"inLanguage\":\"hr\",\"potentialAction\":[{\"@type\":\"ReadAction\",\"target\":[\"https:\/\/opikar-furniture.com\/hr\/usluge\/\"]}]},{\"@type\":\"ImageObject\",\"inLanguage\":\"hr\",\"@id\":\"https:\/\/opikar-furniture.com\/hr\/usluge\/#primaryimage\",\"url\":\"https:\/\/opikar-furniture.com\/wp-content\/uploads\/elementor\/thumbs\/Depositphotos_96657152_DS-qormsusuhrw2trydir6c2mufmgeh0uno2wlj42iotk.jpg\",\"contentUrl\":\"https:\/\/opikar-furniture.com\/wp-content\/uploads\/elementor\/thumbs\/Depositphotos_96657152_DS-qormsusuhrw2trydir6c2mufmgeh0uno2wlj42iotk.jpg\"},{\"@type\":\"BreadcrumbList\",\"@id\":\"https:\/\/opikar-furniture.com\/hr\/usluge\/#breadcrumb\",\"itemListElement\":[{\"@type\":\"ListItem\",\"position\":1,\"name\":\"Home\",\"item\":\"https:\/\/opikar-furniture.com\/hr\/opikar-furniture\/\"},{\"@type\":\"ListItem\",\"position\":2,\"name\":\"Usluge\"}]},{\"@type\":\"WebSite\",\"@id\":\"https:\/\/opikar-furniture.com\/hr\/#website\",\"url\":\"https:\/\/opikar-furniture.com\/hr\/\",\"name\":\"OPIKAR Furniture\",\"description\":\"\",\"publisher\":{\"@id\":\"https:\/\/opikar-furniture.com\/hr\/#organization\"},\"potentialAction\":[{\"@type\":\"SearchAction\",\"target\":{\"@type\":\"EntryPoint\",\"urlTemplate\":\"https:\/\/opikar-furniture.com\/hr\/?s={search_term_string}\"},\"query-input\":\"required name=search_term_string\"}],\"inLanguage\":\"hr\"},{\"@type\":\"Organization\",\"@id\":\"https:\/\/opikar-furniture.com\/hr\/#organization\",\"name\":\"OPIKAR Furniture\",\"url\":\"https:\/\/opikar-furniture.com\/hr\/\",\"logo\":{\"@type\":\"ImageObject\",\"inLanguage\":\"hr\",\"@id\":\"https:\/\/opikar-furniture.com\/hr\/#\/schema\/logo\/image\/\",\"url\":\"https:\/\/opikar-furniture.com\/wp-content\/uploads\/2024\/03\/Logo-70.png\",\"contentUrl\":\"https:\/\/opikar-furniture.com\/wp-content\/uploads\/2024\/03\/Logo-70.png\",\"width\":271,\"height\":70,\"caption\":\"OPIKAR Furniture\"},\"image\":{\"@id\":\"https:\/\/opikar-furniture.com\/hr\/#\/schema\/logo\/image\/\"}}]}<\/script>\n<!-- \/ Yoast SEO plugin. -->","yoast_head_json":{"title":"Usluge - OPIKAR Furniture","description":"Na\u0161e usluge uklju\u010duju projektiranje, proizvodnju, monta\u017eu, odr\u017eavanje, a\u017euriranje i prilagodbu namje\u0161taja i unutarnjeg ure\u0111enja za razli\u010dite vrste prostora.","robots":{"index":"index","follow":"follow","max-snippet":"max-snippet:-1","max-image-preview":"max-image-preview:large","max-video-preview":"max-video-preview:-1"},"canonical":"https:\/\/opikar-furniture.com\/hr\/usluge\/","og_locale":"hr_HR","og_type":"article","og_title":"Usluge - OPIKAR Furniture","og_description":"Na\u0161e usluge uklju\u010duju projektiranje, proizvodnju, monta\u017eu, odr\u017eavanje, a\u017euriranje i prilagodbu namje\u0161taja i unutarnjeg ure\u0111enja za razli\u010dite vrste prostora.","og_url":"https:\/\/opikar-furniture.com\/hr\/usluge\/","og_site_name":"OPIKAR Furniture","article_modified_time":"2024-11-21T11:16:00+00:00","og_image":[{"url":"https:\/\/opikar-furniture.com\/wp-content\/uploads\/elementor\/thumbs\/Depositphotos_96657152_DS-qormsusuhrw2trydir6c2mufmgeh0uno2wlj42iotk.jpg"}],"twitter_card":"summary_large_image","schema":{"@context":"https:\/\/schema.org","@graph":[{"@type":"WebPage","@id":"https:\/\/opikar-furniture.com\/hr\/usluge\/","url":"https:\/\/opikar-furniture.com\/hr\/usluge\/","name":"Usluge - OPIKAR Furniture","isPartOf":{"@id":"https:\/\/opikar-furniture.com\/hr\/#website"},"primaryImageOfPage":{"@id":"https:\/\/opikar-furniture.com\/hr\/usluge\/#primaryimage"},"image":{"@id":"https:\/\/opikar-furniture.com\/hr\/usluge\/#primaryimage"},"thumbnailUrl":"https:\/\/opikar-furniture.com\/wp-content\/uploads\/elementor\/thumbs\/Depositphotos_96657152_DS-qormsusuhrw2trydir6c2mufmgeh0uno2wlj42iotk.jpg","datePublished":"2024-03-04T16:47:56+00:00","dateModified":"2024-11-21T11:16:00+00:00","description":"Na\u0161e usluge uklju\u010duju projektiranje, proizvodnju, monta\u017eu, odr\u017eavanje, a\u017euriranje i prilagodbu namje\u0161taja i unutarnjeg ure\u0111enja za razli\u010dite vrste prostora.","breadcrumb":{"@id":"https:\/\/opikar-furniture.com\/hr\/usluge\/#breadcrumb"},"inLanguage":"hr","potentialAction":[{"@type":"ReadAction","target":["https:\/\/opikar-furniture.com\/hr\/usluge\/"]}]},{"@type":"ImageObject","inLanguage":"hr","@id":"https:\/\/opikar-furniture.com\/hr\/usluge\/#primaryimage","url":"https:\/\/opikar-furniture.com\/wp-content\/uploads\/elementor\/thumbs\/Depositphotos_96657152_DS-qormsusuhrw2trydir6c2mufmgeh0uno2wlj42iotk.jpg","contentUrl":"https:\/\/opikar-furniture.com\/wp-content\/uploads\/elementor\/thumbs\/Depositphotos_96657152_DS-qormsusuhrw2trydir6c2mufmgeh0uno2wlj42iotk.jpg"},{"@type":"BreadcrumbList","@id":"https:\/\/opikar-furniture.com\/hr\/usluge\/#breadcrumb","itemListElement":[{"@type":"ListItem","position":1,"name":"Home","item":"https:\/\/opikar-furniture.com\/hr\/opikar-furniture\/"},{"@type":"ListItem","position":2,"name":"Usluge"}]},{"@type":"WebSite","@id":"https:\/\/opikar-furniture.com\/hr\/#website","url":"https:\/\/opikar-furniture.com\/hr\/","name":"OPIKAR Furniture","description":"","publisher":{"@id":"https:\/\/opikar-furniture.com\/hr\/#organization"},"potentialAction":[{"@type":"SearchAction","target":{"@type":"EntryPoint","urlTemplate":"https:\/\/opikar-furniture.com\/hr\/?s={search_term_string}"},"query-input":"required name=search_term_string"}],"inLanguage":"hr"},{"@type":"Organization","@id":"https:\/\/opikar-furniture.com\/hr\/#organization","name":"OPIKAR Furniture","url":"https:\/\/opikar-furniture.com\/hr\/","logo":{"@type":"ImageObject","inLanguage":"hr","@id":"https:\/\/opikar-furniture.com\/hr\/#\/schema\/logo\/image\/","url":"https:\/\/opikar-furniture.com\/wp-content\/uploads\/2024\/03\/Logo-70.png","contentUrl":"https:\/\/opikar-furniture.com\/wp-content\/uploads\/2024\/03\/Logo-70.png","width":271,"height":70,"caption":"OPIKAR Furniture"},"image":{"@id":"https:\/\/opikar-furniture.com\/hr\/#\/schema\/logo\/image\/"}}]}},"_links":{"self":[{"href":"https:\/\/opikar-furniture.com\/hr\/wp-json\/wp\/v2\/pages\/5338","targetHints":{"allow":["GET"]}}],"collection":[{"href":"https:\/\/opikar-furniture.com\/hr\/wp-json\/wp\/v2\/pages"}],"about":[{"href":"https:\/\/opikar-furniture.com\/hr\/wp-json\/wp\/v2\/types\/page"}],"author":[{"embeddable":true,"href":"https:\/\/opikar-furniture.com\/hr\/wp-json\/wp\/v2\/users\/1"}],"replies":[{"embeddable":true,"href":"https:\/\/opikar-furniture.com\/hr\/wp-json\/wp\/v2\/comments?post=5338"}],"version-history":[{"count":4,"href":"https:\/\/opikar-furniture.com\/hr\/wp-json\/wp\/v2\/pages\/5338\/revisions"}],"predecessor-version":[{"id":5416,"href":"https:\/\/opikar-furniture.com\/hr\/wp-json\/wp\/v2\/pages\/5338\/revisions\/5416"}],"wp:attachment":[{"href":"https:\/\/opikar-furniture.com\/hr\/wp-json\/wp\/v2\/media?parent=5338"}],"curies":[{"name":"wp","href":"https:\/\/api.w.org\/{rel}","templated":true}]}}