{"id":5331,"date":"2024-03-12T14:23:51","date_gmt":"2024-03-12T14:23:51","guid":{"rendered":"https:\/\/opikar-furniture.com\/briga-za-okolis\/"},"modified":"2024-05-31T10:27:05","modified_gmt":"2024-05-31T10:27:05","slug":"briga-za-okolis","status":"publish","type":"page","link":"https:\/\/opikar-furniture.com\/hr\/briga-za-okolis\/","title":{"rendered":"Briga za okoli\u0161"},"content":{"rendered":"\t\t<div data-elementor-type=\"wp-page\" data-elementor-id=\"5331\" class=\"elementor elementor-5331 elementor-2186\" data-elementor-post-type=\"page\">\n\t\t\t\t<div class=\"wd-negative-gap elementor-element elementor-element-0d38f6f e-flex e-con-boxed e-con e-parent\" data-id=\"0d38f6f\" data-element_type=\"container\">\n\t\t\t\t\t<div class=\"e-con-inner\">\n\t\t\t\t<div class=\"elementor-element elementor-element-386b199 color-scheme-inherit text-left elementor-widget elementor-widget-text-editor\" data-id=\"386b199\" data-element_type=\"widget\" data-widget_type=\"text-editor.default\">\n\t\t\t\t<div class=\"elementor-widget-container\">\n\t\t\t\t\t\t\t<ul>\n<li>Partner u dekarbonizaciji uz smanjenje emisije CO2, partner zelene i odr\u017eive tehnologije, s fokusom na odr\u017eivoj samodostatnosti i energetskoj neovisnosti, partner s kvalitetnom obradom zraka prema HVAC tehnologiji i najzahtjevnijoj filtraciji zraka, partner koji brine o budu\u0107nosti na\u0161eg planeta<\/li>\n<li>EKO partner<\/li>\n<li>Na krovu objekta imamo postavljene fotonaponske \u0107elije \u010dime pokrivamo potrebe za elektri\u010dnom energijom (kako za proizvodne procese tako i za slu\u017ebena dostavna vozila)<br \/>Koristimo pe\u0107 na drva ili otpadno drvo koji nam ostaje kao nusprodukt u proizvodnom procesu, koji nam je dovoljan za grijanje objekta i sanitarne vode, a vi\u0161kom pokrivamo proizvodne pogone u neposrednoj blizini na\u0161e hale.<\/li>\n<li>Svi proizvodni strojevi &#8211; pile, CNC bu\u0161ilice i glodalice, strojevi za bru\u0161enje, rezanje rubova i pre\u0161a imaju vlastiti odvod zraka koji se nakon filtracije ponovno vra\u0107a u prostor kao \u010disti zrak &#8211; jer brinemo o na\u0161im zaposlenicima<\/li>\n<li>Mi smo energetski u\u010dinkovita tvrtka<\/li>\n<li>U OPIKAR grupi imamo standarde kvalitete ISO 9001, ISO 14001, ISO 45001 i ISO 3834-2. U novonastalom poduze\u0107u nastavit \u0107emo u skladu s postoje\u0107im standardima te neke od njih \u0107emo u narednom razdoblju i certificirati <\/li>\n<li>Mi smo va\u0161 partner, a ne samo izvo\u0111a\u010d!<\/li>\n<\/ul>\n\t\t\t\t\t\t<\/div>\n\t\t\t\t<\/div>\n\t\t\t\t\t<\/div>\n\t\t\t\t<\/div>\n\t\t\t\t<\/div>\n\t\t","protected":false},"excerpt":{"rendered":"<p>Partner u dekarbonizaciji uz smanjenje emisije CO2, partner zelene i odr\u017eive tehnologije, s fokusom na odr\u017eivoj samodostatnosti i energetskoj neovisnosti,<\/p>\n","protected":false},"author":1,"featured_media":0,"parent":0,"menu_order":0,"comment_status":"closed","ping_status":"closed","template":"elementor_header_footer","meta":{"footnotes":""},"class_list":["post-5331","page","type-page","status-publish","hentry"],"yoast_head":"<!-- This site is optimized with the Yoast SEO plugin v22.7 - https:\/\/yoast.com\/wordpress\/plugins\/seo\/ -->\n<title>Briga za okoli\u0161 - OPIKAR Furniture<\/title>\n<meta name=\"robots\" content=\"index, follow, max-snippet:-1, max-image-preview:large, max-video-preview:-1\" \/>\n<link rel=\"canonical\" href=\"https:\/\/opikar-furniture.com\/hr\/briga-za-okolis\/\" \/>\n<meta property=\"og:locale\" content=\"hr_HR\" \/>\n<meta property=\"og:type\" content=\"article\" \/>\n<meta property=\"og:title\" content=\"Briga za okoli\u0161 - OPIKAR Furniture\" \/>\n<meta property=\"og:description\" content=\"Partner u dekarbonizaciji uz smanjenje emisije CO2, partner zelene i odr\u017eive tehnologije, s fokusom na odr\u017eivoj samodostatnosti i energetskoj neovisnosti,\" \/>\n<meta property=\"og:url\" content=\"https:\/\/opikar-furniture.com\/hr\/briga-za-okolis\/\" \/>\n<meta property=\"og:site_name\" content=\"OPIKAR Furniture\" \/>\n<meta property=\"article:modified_time\" content=\"2024-05-31T10:27:05+00:00\" \/>\n<meta name=\"twitter:card\" content=\"summary_large_image\" \/>\n<meta name=\"twitter:label1\" content=\"Procijenjeno vrijeme \u010ditanja\" \/>\n\t<meta name=\"twitter:data1\" content=\"1 minuta\" \/>\n<script type=\"application\/ld+json\" class=\"yoast-schema-graph\">{\"@context\":\"https:\/\/schema.org\",\"@graph\":[{\"@type\":\"WebPage\",\"@id\":\"https:\/\/opikar-furniture.com\/hr\/briga-za-okolis\/\",\"url\":\"https:\/\/opikar-furniture.com\/hr\/briga-za-okolis\/\",\"name\":\"Briga za okoli\u0161 - OPIKAR Furniture\",\"isPartOf\":{\"@id\":\"https:\/\/opikar-furniture.com\/hr\/#website\"},\"datePublished\":\"2024-03-12T14:23:51+00:00\",\"dateModified\":\"2024-05-31T10:27:05+00:00\",\"breadcrumb\":{\"@id\":\"https:\/\/opikar-furniture.com\/hr\/briga-za-okolis\/#breadcrumb\"},\"inLanguage\":\"hr\",\"potentialAction\":[{\"@type\":\"ReadAction\",\"target\":[\"https:\/\/opikar-furniture.com\/hr\/briga-za-okolis\/\"]}]},{\"@type\":\"BreadcrumbList\",\"@id\":\"https:\/\/opikar-furniture.com\/hr\/briga-za-okolis\/#breadcrumb\",\"itemListElement\":[{\"@type\":\"ListItem\",\"position\":1,\"name\":\"Home\",\"item\":\"https:\/\/opikar-furniture.com\/hr\/opikar-furniture\/\"},{\"@type\":\"ListItem\",\"position\":2,\"name\":\"Briga za okoli\u0161\"}]},{\"@type\":\"WebSite\",\"@id\":\"https:\/\/opikar-furniture.com\/hr\/#website\",\"url\":\"https:\/\/opikar-furniture.com\/hr\/\",\"name\":\"OPIKAR Furniture\",\"description\":\"\",\"publisher\":{\"@id\":\"https:\/\/opikar-furniture.com\/hr\/#organization\"},\"potentialAction\":[{\"@type\":\"SearchAction\",\"target\":{\"@type\":\"EntryPoint\",\"urlTemplate\":\"https:\/\/opikar-furniture.com\/hr\/?s={search_term_string}\"},\"query-input\":\"required name=search_term_string\"}],\"inLanguage\":\"hr\"},{\"@type\":\"Organization\",\"@id\":\"https:\/\/opikar-furniture.com\/hr\/#organization\",\"name\":\"OPIKAR Furniture\",\"url\":\"https:\/\/opikar-furniture.com\/hr\/\",\"logo\":{\"@type\":\"ImageObject\",\"inLanguage\":\"hr\",\"@id\":\"https:\/\/opikar-furniture.com\/hr\/#\/schema\/logo\/image\/\",\"url\":\"https:\/\/opikar-furniture.com\/wp-content\/uploads\/2024\/03\/Logo-70.png\",\"contentUrl\":\"https:\/\/opikar-furniture.com\/wp-content\/uploads\/2024\/03\/Logo-70.png\",\"width\":271,\"height\":70,\"caption\":\"OPIKAR Furniture\"},\"image\":{\"@id\":\"https:\/\/opikar-furniture.com\/hr\/#\/schema\/logo\/image\/\"}}]}<\/script>\n<!-- \/ Yoast SEO plugin. -->","yoast_head_json":{"title":"Briga za okoli\u0161 - OPIKAR Furniture","robots":{"index":"index","follow":"follow","max-snippet":"max-snippet:-1","max-image-preview":"max-image-preview:large","max-video-preview":"max-video-preview:-1"},"canonical":"https:\/\/opikar-furniture.com\/hr\/briga-za-okolis\/","og_locale":"hr_HR","og_type":"article","og_title":"Briga za okoli\u0161 - OPIKAR Furniture","og_description":"Partner u dekarbonizaciji uz smanjenje emisije CO2, partner zelene i odr\u017eive tehnologije, s fokusom na odr\u017eivoj samodostatnosti i energetskoj neovisnosti,","og_url":"https:\/\/opikar-furniture.com\/hr\/briga-za-okolis\/","og_site_name":"OPIKAR Furniture","article_modified_time":"2024-05-31T10:27:05+00:00","twitter_card":"summary_large_image","twitter_misc":{"Procijenjeno vrijeme \u010ditanja":"1 minuta"},"schema":{"@context":"https:\/\/schema.org","@graph":[{"@type":"WebPage","@id":"https:\/\/opikar-furniture.com\/hr\/briga-za-okolis\/","url":"https:\/\/opikar-furniture.com\/hr\/briga-za-okolis\/","name":"Briga za okoli\u0161 - OPIKAR Furniture","isPartOf":{"@id":"https:\/\/opikar-furniture.com\/hr\/#website"},"datePublished":"2024-03-12T14:23:51+00:00","dateModified":"2024-05-31T10:27:05+00:00","breadcrumb":{"@id":"https:\/\/opikar-furniture.com\/hr\/briga-za-okolis\/#breadcrumb"},"inLanguage":"hr","potentialAction":[{"@type":"ReadAction","target":["https:\/\/opikar-furniture.com\/hr\/briga-za-okolis\/"]}]},{"@type":"BreadcrumbList","@id":"https:\/\/opikar-furniture.com\/hr\/briga-za-okolis\/#breadcrumb","itemListElement":[{"@type":"ListItem","position":1,"name":"Home","item":"https:\/\/opikar-furniture.com\/hr\/opikar-furniture\/"},{"@type":"ListItem","position":2,"name":"Briga za okoli\u0161"}]},{"@type":"WebSite","@id":"https:\/\/opikar-furniture.com\/hr\/#website","url":"https:\/\/opikar-furniture.com\/hr\/","name":"OPIKAR Furniture","description":"","publisher":{"@id":"https:\/\/opikar-furniture.com\/hr\/#organization"},"potentialAction":[{"@type":"SearchAction","target":{"@type":"EntryPoint","urlTemplate":"https:\/\/opikar-furniture.com\/hr\/?s={search_term_string}"},"query-input":"required name=search_term_string"}],"inLanguage":"hr"},{"@type":"Organization","@id":"https:\/\/opikar-furniture.com\/hr\/#organization","name":"OPIKAR Furniture","url":"https:\/\/opikar-furniture.com\/hr\/","logo":{"@type":"ImageObject","inLanguage":"hr","@id":"https:\/\/opikar-furniture.com\/hr\/#\/schema\/logo\/image\/","url":"https:\/\/opikar-furniture.com\/wp-content\/uploads\/2024\/03\/Logo-70.png","contentUrl":"https:\/\/opikar-furniture.com\/wp-content\/uploads\/2024\/03\/Logo-70.png","width":271,"height":70,"caption":"OPIKAR Furniture"},"image":{"@id":"https:\/\/opikar-furniture.com\/hr\/#\/schema\/logo\/image\/"}}]}},"_links":{"self":[{"href":"https:\/\/opikar-furniture.com\/hr\/wp-json\/wp\/v2\/pages\/5331","targetHints":{"allow":["GET"]}}],"collection":[{"href":"https:\/\/opikar-furniture.com\/hr\/wp-json\/wp\/v2\/pages"}],"about":[{"href":"https:\/\/opikar-furniture.com\/hr\/wp-json\/wp\/v2\/types\/page"}],"author":[{"embeddable":true,"href":"https:\/\/opikar-furniture.com\/hr\/wp-json\/wp\/v2\/users\/1"}],"replies":[{"embeddable":true,"href":"https:\/\/opikar-furniture.com\/hr\/wp-json\/wp\/v2\/comments?post=5331"}],"version-history":[{"count":1,"href":"https:\/\/opikar-furniture.com\/hr\/wp-json\/wp\/v2\/pages\/5331\/revisions"}],"predecessor-version":[{"id":5332,"href":"https:\/\/opikar-furniture.com\/hr\/wp-json\/wp\/v2\/pages\/5331\/revisions\/5332"}],"wp:attachment":[{"href":"https:\/\/opikar-furniture.com\/hr\/wp-json\/wp\/v2\/media?parent=5331"}],"curies":[{"name":"wp","href":"https:\/\/api.w.org\/{rel}","templated":true}]}}