{"id":5320,"date":"2024-03-11T11:11:46","date_gmt":"2024-03-11T11:11:46","guid":{"rendered":"https:\/\/opikar-furniture.com\/kolacici\/"},"modified":"2024-05-31T09:26:29","modified_gmt":"2024-05-31T09:26:29","slug":"kolacici","status":"publish","type":"page","link":"https:\/\/opikar-furniture.com\/hr\/kolacici\/","title":{"rendered":"Kola\u010di\u0107i"},"content":{"rendered":"\t\t<div data-elementor-type=\"wp-page\" data-elementor-id=\"5320\" class=\"elementor elementor-5320 elementor-2158\" data-elementor-post-type=\"page\">\n\t\t\t\t<div class=\"wd-negative-gap elementor-element elementor-element-e9b8884 e-flex e-con-boxed e-con e-parent\" data-id=\"e9b8884\" data-element_type=\"container\">\n\t\t\t\t\t<div class=\"e-con-inner\">\n\t\t\t\t<div class=\"elementor-element elementor-element-9f4ff78 color-scheme-inherit text-left elementor-widget elementor-widget-text-editor\" data-id=\"9f4ff78\" data-element_type=\"widget\" data-widget_type=\"text-editor.default\">\n\t\t\t\t<div class=\"elementor-widget-container\">\n\t\t\t\t\t\t\t<p><strong>\u0160to su kola\u010di\u0107i<\/strong><\/p>\n<p>Kola\u010di\u0107i su male tekstualne datoteke koje se prenesu na va\u0161e ra\u010dunalo ili mobilni ure\u0111aj prilikom posjete web stranici. Kola\u010di\u0107i obi\u010dno sadr\u017ee naziv poslu\u017eitelja (servera) s kojeg je kola\u010di\u0107 poslan; \u017eivotni vijek kola\u010di\u0107a i vrijednost, koja obi\u010dno predstavlja neki nasumi\u010dno generirani jedinstveni broj. <\/p>\n<p>Kola\u010di\u0107i na web stranici https:\/\/opikar-furniture.si osiguravaju bolje korisni\u010dko iskustvo te vam omogu\u0107uju kori\u0161tenje web stranice i funkcionalnosti na stranici (prijava u poslovnicu, pregledavanje videa, dijeljenje sadr\u017eaja na dru\u0161tvenim mre\u017eama) te prikupljaju agregirane informacije o kori\u0161tenju na\u0161e web stranice.<\/p>\n<p>Kola\u010di\u0107i sami po sebi ne omogu\u0107avaju va\u0161u identifikaciju i s njima nije mogu\u0107e utvrditi va\u0161 identitet.<\/p>\n<p><strong>Vrste kola\u010di\u0107a koje koristimo<\/strong><\/p>\n<p><strong>Grupa 1 &#8211; neophodni kola\u010di\u0107i<\/strong><\/p>\n<p>Pod neophodne kola\u010di\u0107e ubrajamo one koji vam omogu\u0107uju pristup web stranici i klju\u010dni su za rad pojedinih funkcionalnosti web stranice, stoga ih uvijek instaliramo na va\u0161 ure\u0111aj. Postavljaju se prilikom bilo kakve interakcije s web stranicom i pritom ne prikupljaju analiti\u010dke ili druge podatke o va\u0161oj posjeti. <\/p>\n<p>Donja tablica prikazuje kola\u010di\u0107e koje koristimo na web stranici:<\/p>\n<table width=\"938\">\n<thead>\n<tr>\n<td>\n<p><strong>USLUGA<\/strong><\/p>\n<\/td>\n<td>\n<p><strong>VRIJEME POHRANE KOLA\u010cI\u0106A<\/strong><\/p>\n<\/td>\n<td>\n<p><strong>INSTALIRA I UPRAVLJA PODACIMA<\/strong><\/p>\n<\/td>\n<td>\n<p><strong>SVRHA OBRADE PRIKUPLJENIH PODATAKA KOLA\u010cI\u0106EM<\/strong><\/p>\n<\/td>\n<\/tr>\n<\/thead>\n<tbody>\n<tr>\n<td>\n<p>cookies<\/p>\n<\/td>\n<td>\n<p>1 godina<\/p>\n<\/td>\n<td>\n<p>https:\/\/opikar-furniture.si<\/p>\n<\/td>\n<td>\n<p>Uz pomo\u0107 ovog kola\u010di\u0107a pamtimo va\u0161 izbor u vezi s instaliranjem kola\u010di\u0107a. Podaci prikupljeni putem kola\u010di\u0107a ne dijele se s tre\u0107im stranama. <\/p>\n<\/td>\n<\/tr>\n<\/tbody>\n<\/table>\n<p><strong>Grupa 2 \u2013 vlastiti<\/strong> <strong>analiti\u010dki kola\u010di\u0107i<\/strong><\/p>\n<p>To uklju\u010duje analiti\u010dke i funkcionalne kola\u010di\u0107e, koje koristimo za analizu prometa na web stranici.<\/p>\n<p>Na\u0161i vlastiti analiti\u010dki kola\u010di\u0107i instaliraju se na va\u0161 ure\u0111aj odmah po dolasku na na\u0161u web stranicu, osim ako u postavkama instalacije kola\u010di\u0107a odaberete opciju &#8220;Ne sla\u017eem se&#8221;.<\/p>\n<p>Vlastiti analiti\u010dki kola\u010di\u0107i ne prikupljaju podatke koji bi omogu\u0107ili va\u0161u identifikaciju. Za\u0161tita va\u0161e privatnosti osigurana je enkripcijom va\u0161e IP adrese, \u0161to zna\u010di da va\u0161 ure\u0111aj nije mogu\u0107e identificirati na temelju prikupljenih podataka. Tako\u0111er, ne dijelimo podatke prikupljene putem vlastitih analiti\u010dkih kola\u010di\u0107a s tre\u0107im stranama.  <\/p>\n<p>Donja tablica prikazuje kola\u010di\u0107e koje koristimo na web stranici:<\/p>\n<table width=\"938\">\n<tbody>\n<tr>\n<td>\n<p><strong>USLUGA<\/strong><\/p>\n<\/td>\n<td>\n<p><strong>VRIJEME POHRANE KOLA\u010cI\u0106A<\/strong><\/p>\n<\/td>\n<td>\n<p><strong>INSTALIRA I UPRAVLJA PODACIMA<\/strong><\/p>\n<\/td>\n<td>\n<p><strong>SVRHA OBRADE PRIKUPLJENIH PODATAKA KOLA\u010cI\u0106EM<\/strong><\/p>\n<\/td>\n<\/tr>\n<tr>\n<td>\n<p>_ga<\/p>\n<\/td>\n<td>\n<p>2 godine<\/p>\n<\/td>\n<td>\n<p><a href=\"http:\/\/www.google.com\/about\/company\/\">Google Inc.<\/a><\/p>\n<\/td>\n<td>\n<p>Google Analytics kola\u010di\u0107i koriste se za analizu posjeta na\u0161oj web stranici. Prate vas anonimno i ne identificiraju va\u0161e osobne podatke, ve\u0107 samo aktivnosti na na\u0161oj web stranici. Pristup podacima prikupljenim putem ovih kola\u010di\u0107a nije dostupan tre\u0107im stranama.  <\/p>\n<\/td>\n<\/tr>\n<tr>\n<td>\n<p>_gat<\/p>\n<\/td>\n<td>\n<p>Do kraja sesije<\/p>\n<\/td>\n<td>\n<p><a href=\"http:\/\/www.google.com\/about\/company\/\">Google Inc.<\/a><\/p>\n<\/td>\n<td>\n<p>Google Analytics kola\u010di\u0107i koriste se za analizu posjeta na\u0161oj web stranici. Prate vas anonimno i ne identificiraju va\u0161e osobne podatke, ve\u0107 samo aktivnosti na na\u0161oj web stranici. Pristup podacima prikupljenim putem ovih kola\u010di\u0107a nije dostupan tre\u0107im stranama.  <\/p>\n<\/td>\n<\/tr>\n<tr>\n<td>\n<p>_gid<\/p>\n<\/td>\n<td>\n<p>Do kraja sesije<\/p>\n<\/td>\n<td>\n<p><a href=\"http:\/\/www.google.com\/about\/company\/\">Google Inc.<\/a><\/p>\n<\/td>\n<td>\n<p>Google Analytics kola\u010di\u0107i koriste se za analizu posjeta na\u0161oj web stranici. Prate vas anonimno i ne identificiraju va\u0161e osobne podatke, ve\u0107 samo aktivnosti na na\u0161oj web stranici. Pristup podacima prikupljenim putem ovih kola\u010di\u0107a nije dostupan tre\u0107im stranama.  <\/p>\n<\/td>\n<\/tr>\n<\/tbody>\n<\/table>\n<p><strong>Grupa 3 \u2013 kola\u010di\u0107i partnerskih usluga<\/strong><\/p>\n<p>To uklju\u010duje kola\u010di\u0107e na\u0161ih partnerskih usluga, kao \u0161to su Facebook, LinkedIn, Google itd. Ovi kola\u010di\u0107i omogu\u0107uju kori\u0161tenje dodataka i zna\u010dajki na web stranici koje su povezane s njihovim dru\u0161tvenim mre\u017eama i drugim platformama te pra\u0107enje va\u0161e upotrebe njihovih usluga. Kori\u0161tenjem web stranice pristajete na instalaciju. Ako se time ne sla\u017eete, odaberite &#8220;Ne sla\u017eem se s kori\u0161tenjem&#8221; i ne\u0107emo instalirati ove kola\u010di\u0107e. Mo\u017ee se dogoditi da vam u tom slu\u010daju neke zanimljive funkcije web stranice ne\u0107e biti dostupne.    <\/p>\n<p>Kola\u010di\u0107i tre\u0107ih strana instaliraju se samo kada to izri\u010dito dopustite odabirom opcije &#8220;Sla\u017eem se&#8221; u postavkama instaliranja kola\u010di\u0107a na na\u0161oj web stranici. Kroz kola\u010di\u0107e tre\u0107ih strana nudimo bolje korisni\u010dko iskustvo, dijeljenje sadr\u017eaja putem razli\u010ditih dru\u0161tvenih mre\u017ea, kao i prilagodbu ponude prema va\u0161im \u017eeljama i potrebama, prikupljenim prethodnim pregledavanjem web stranica. <\/p>\n<table width=\"935\">\n<tbody>\n<tr>\n<td>\n<p><strong>USLUGA<\/strong><\/p>\n<\/td>\n<td>\n<p><strong>VRIJEME POHRANE KOLA\u010cI\u0106A<\/strong><\/p>\n<\/td>\n<td>\n<p><strong>INSTALIRA I UPRAVLJA PODACIMA<\/strong><\/p>\n<\/td>\n<td>\n<p><strong>SVRHA OBRADE PRIKUPLJENIH PODATAKA KOLA\u010cI\u0106EM<\/strong><\/p>\n<\/td>\n<\/tr>\n<tr>\n<td>\n<p>_fbc<\/p>\n<\/td>\n<td>\n<p>3 mjeseca<\/p>\n<\/td>\n<td>\n<p>Facebook Inc.<\/p>\n<\/td>\n<td>\n<p>Kola\u010di\u0107i za analitiku koriste funkciju anonimizacije IP adrese, \u0161to zna\u010di da va\u0161a IP adresa nije proslije\u0111ena tre\u0107oj strani.<\/p>\n<\/td>\n<\/tr>\n<tr>\n<td>\n<p>_fbp<\/p>\n<\/td>\n<td>\n<p>3 mjeseca<\/p>\n<\/td>\n<td>\n<p>Facebook Inc.<\/p>\n<\/td>\n<td>\n<p>Kola\u010di\u0107i za analitiku koriste funkciju anonimizacije IP adrese, \u0161to zna\u010di da va\u0161a IP adresa nije proslije\u0111ena tre\u0107oj strani.<\/p>\n<\/td>\n<\/tr>\n<\/tbody>\n<\/table>\n<p><strong>Va\u0161e <\/strong> <strong>postavke za instalaciju kola\u010di\u0107a na na\u0161oj web stranici<\/strong><\/p>\n<p><a href=\"https:\/\/www.opikar.com\/cookie-settings#cookies\">Ovdje<\/a>&nbsp;mo\u017eete urediti postavke.<\/p>\t\t\t\t\t\t<\/div>\n\t\t\t\t<\/div>\n\t\t\t\t\t<\/div>\n\t\t\t\t<\/div>\n\t\t\t\t<\/div>\n\t\t","protected":false},"excerpt":{"rendered":"<p>\u0160to su kola\u010di\u0107i Kola\u010di\u0107i su male tekstualne datoteke koje se prenesu na va\u0161e ra\u010dunalo ili mobilni ure\u0111aj prilikom posjete web<\/p>\n","protected":false},"author":1,"featured_media":0,"parent":0,"menu_order":0,"comment_status":"closed","ping_status":"closed","template":"elementor_header_footer","meta":{"footnotes":""},"class_list":["post-5320","page","type-page","status-publish","hentry"],"yoast_head":"<!-- This site is optimized with the Yoast SEO plugin v22.7 - https:\/\/yoast.com\/wordpress\/plugins\/seo\/ -->\n<title>Kola\u010di\u0107i - OPIKAR Furniture<\/title>\n<meta name=\"robots\" content=\"index, follow, max-snippet:-1, max-image-preview:large, max-video-preview:-1\" \/>\n<link rel=\"canonical\" href=\"https:\/\/opikar-furniture.com\/hr\/kolacici\/\" \/>\n<meta property=\"og:locale\" content=\"hr_HR\" \/>\n<meta property=\"og:type\" content=\"article\" \/>\n<meta property=\"og:title\" content=\"Kola\u010di\u0107i - OPIKAR Furniture\" \/>\n<meta property=\"og:description\" content=\"\u0160to su kola\u010di\u0107i Kola\u010di\u0107i su male tekstualne datoteke koje se prenesu na va\u0161e ra\u010dunalo ili mobilni ure\u0111aj prilikom posjete web\" \/>\n<meta property=\"og:url\" content=\"https:\/\/opikar-furniture.com\/hr\/kolacici\/\" \/>\n<meta property=\"og:site_name\" content=\"OPIKAR Furniture\" \/>\n<meta property=\"article:modified_time\" content=\"2024-05-31T09:26:29+00:00\" \/>\n<meta name=\"twitter:card\" content=\"summary_large_image\" \/>\n<meta name=\"twitter:label1\" content=\"Procijenjeno vrijeme \u010ditanja\" \/>\n\t<meta name=\"twitter:data1\" content=\"4 minute\" \/>\n<script type=\"application\/ld+json\" class=\"yoast-schema-graph\">{\"@context\":\"https:\/\/schema.org\",\"@graph\":[{\"@type\":\"WebPage\",\"@id\":\"https:\/\/opikar-furniture.com\/hr\/kolacici\/\",\"url\":\"https:\/\/opikar-furniture.com\/hr\/kolacici\/\",\"name\":\"Kola\u010di\u0107i - OPIKAR Furniture\",\"isPartOf\":{\"@id\":\"https:\/\/opikar-furniture.com\/hr\/#website\"},\"datePublished\":\"2024-03-11T11:11:46+00:00\",\"dateModified\":\"2024-05-31T09:26:29+00:00\",\"breadcrumb\":{\"@id\":\"https:\/\/opikar-furniture.com\/hr\/kolacici\/#breadcrumb\"},\"inLanguage\":\"hr\",\"potentialAction\":[{\"@type\":\"ReadAction\",\"target\":[\"https:\/\/opikar-furniture.com\/hr\/kolacici\/\"]}]},{\"@type\":\"BreadcrumbList\",\"@id\":\"https:\/\/opikar-furniture.com\/hr\/kolacici\/#breadcrumb\",\"itemListElement\":[{\"@type\":\"ListItem\",\"position\":1,\"name\":\"Home\",\"item\":\"https:\/\/opikar-furniture.com\/hr\/opikar-furniture\/\"},{\"@type\":\"ListItem\",\"position\":2,\"name\":\"Kola\u010di\u0107i\"}]},{\"@type\":\"WebSite\",\"@id\":\"https:\/\/opikar-furniture.com\/hr\/#website\",\"url\":\"https:\/\/opikar-furniture.com\/hr\/\",\"name\":\"OPIKAR Furniture\",\"description\":\"\",\"publisher\":{\"@id\":\"https:\/\/opikar-furniture.com\/hr\/#organization\"},\"potentialAction\":[{\"@type\":\"SearchAction\",\"target\":{\"@type\":\"EntryPoint\",\"urlTemplate\":\"https:\/\/opikar-furniture.com\/hr\/?s={search_term_string}\"},\"query-input\":\"required name=search_term_string\"}],\"inLanguage\":\"hr\"},{\"@type\":\"Organization\",\"@id\":\"https:\/\/opikar-furniture.com\/hr\/#organization\",\"name\":\"OPIKAR Furniture\",\"url\":\"https:\/\/opikar-furniture.com\/hr\/\",\"logo\":{\"@type\":\"ImageObject\",\"inLanguage\":\"hr\",\"@id\":\"https:\/\/opikar-furniture.com\/hr\/#\/schema\/logo\/image\/\",\"url\":\"https:\/\/opikar-furniture.com\/wp-content\/uploads\/2024\/03\/Logo-70.png\",\"contentUrl\":\"https:\/\/opikar-furniture.com\/wp-content\/uploads\/2024\/03\/Logo-70.png\",\"width\":271,\"height\":70,\"caption\":\"OPIKAR Furniture\"},\"image\":{\"@id\":\"https:\/\/opikar-furniture.com\/hr\/#\/schema\/logo\/image\/\"}}]}<\/script>\n<!-- \/ Yoast SEO plugin. -->","yoast_head_json":{"title":"Kola\u010di\u0107i - OPIKAR Furniture","robots":{"index":"index","follow":"follow","max-snippet":"max-snippet:-1","max-image-preview":"max-image-preview:large","max-video-preview":"max-video-preview:-1"},"canonical":"https:\/\/opikar-furniture.com\/hr\/kolacici\/","og_locale":"hr_HR","og_type":"article","og_title":"Kola\u010di\u0107i - OPIKAR Furniture","og_description":"\u0160to su kola\u010di\u0107i Kola\u010di\u0107i su male tekstualne datoteke koje se prenesu na va\u0161e ra\u010dunalo ili mobilni ure\u0111aj prilikom posjete web","og_url":"https:\/\/opikar-furniture.com\/hr\/kolacici\/","og_site_name":"OPIKAR Furniture","article_modified_time":"2024-05-31T09:26:29+00:00","twitter_card":"summary_large_image","twitter_misc":{"Procijenjeno vrijeme \u010ditanja":"4 minute"},"schema":{"@context":"https:\/\/schema.org","@graph":[{"@type":"WebPage","@id":"https:\/\/opikar-furniture.com\/hr\/kolacici\/","url":"https:\/\/opikar-furniture.com\/hr\/kolacici\/","name":"Kola\u010di\u0107i - OPIKAR Furniture","isPartOf":{"@id":"https:\/\/opikar-furniture.com\/hr\/#website"},"datePublished":"2024-03-11T11:11:46+00:00","dateModified":"2024-05-31T09:26:29+00:00","breadcrumb":{"@id":"https:\/\/opikar-furniture.com\/hr\/kolacici\/#breadcrumb"},"inLanguage":"hr","potentialAction":[{"@type":"ReadAction","target":["https:\/\/opikar-furniture.com\/hr\/kolacici\/"]}]},{"@type":"BreadcrumbList","@id":"https:\/\/opikar-furniture.com\/hr\/kolacici\/#breadcrumb","itemListElement":[{"@type":"ListItem","position":1,"name":"Home","item":"https:\/\/opikar-furniture.com\/hr\/opikar-furniture\/"},{"@type":"ListItem","position":2,"name":"Kola\u010di\u0107i"}]},{"@type":"WebSite","@id":"https:\/\/opikar-furniture.com\/hr\/#website","url":"https:\/\/opikar-furniture.com\/hr\/","name":"OPIKAR Furniture","description":"","publisher":{"@id":"https:\/\/opikar-furniture.com\/hr\/#organization"},"potentialAction":[{"@type":"SearchAction","target":{"@type":"EntryPoint","urlTemplate":"https:\/\/opikar-furniture.com\/hr\/?s={search_term_string}"},"query-input":"required name=search_term_string"}],"inLanguage":"hr"},{"@type":"Organization","@id":"https:\/\/opikar-furniture.com\/hr\/#organization","name":"OPIKAR Furniture","url":"https:\/\/opikar-furniture.com\/hr\/","logo":{"@type":"ImageObject","inLanguage":"hr","@id":"https:\/\/opikar-furniture.com\/hr\/#\/schema\/logo\/image\/","url":"https:\/\/opikar-furniture.com\/wp-content\/uploads\/2024\/03\/Logo-70.png","contentUrl":"https:\/\/opikar-furniture.com\/wp-content\/uploads\/2024\/03\/Logo-70.png","width":271,"height":70,"caption":"OPIKAR Furniture"},"image":{"@id":"https:\/\/opikar-furniture.com\/hr\/#\/schema\/logo\/image\/"}}]}},"_links":{"self":[{"href":"https:\/\/opikar-furniture.com\/hr\/wp-json\/wp\/v2\/pages\/5320","targetHints":{"allow":["GET"]}}],"collection":[{"href":"https:\/\/opikar-furniture.com\/hr\/wp-json\/wp\/v2\/pages"}],"about":[{"href":"https:\/\/opikar-furniture.com\/hr\/wp-json\/wp\/v2\/types\/page"}],"author":[{"embeddable":true,"href":"https:\/\/opikar-furniture.com\/hr\/wp-json\/wp\/v2\/users\/1"}],"replies":[{"embeddable":true,"href":"https:\/\/opikar-furniture.com\/hr\/wp-json\/wp\/v2\/comments?post=5320"}],"version-history":[{"count":1,"href":"https:\/\/opikar-furniture.com\/hr\/wp-json\/wp\/v2\/pages\/5320\/revisions"}],"predecessor-version":[{"id":5321,"href":"https:\/\/opikar-furniture.com\/hr\/wp-json\/wp\/v2\/pages\/5320\/revisions\/5321"}],"wp:attachment":[{"href":"https:\/\/opikar-furniture.com\/hr\/wp-json\/wp\/v2\/media?parent=5320"}],"curies":[{"name":"wp","href":"https:\/\/api.w.org\/{rel}","templated":true}]}}