{"id":5444,"date":"2024-03-11T11:11:46","date_gmt":"2024-03-11T11:11:46","guid":{"rendered":"https:\/\/opikar-furniture.com\/cookies\/"},"modified":"2024-05-31T16:20:46","modified_gmt":"2024-05-31T16:20:46","slug":"cookies","status":"publish","type":"page","link":"https:\/\/opikar-furniture.com\/de\/cookies\/","title":{"rendered":"Cookies"},"content":{"rendered":"\t\t<div data-elementor-type=\"wp-page\" data-elementor-id=\"5444\" class=\"elementor elementor-5444 elementor-2158\" data-elementor-post-type=\"page\">\n\t\t\t\t<div class=\"wd-negative-gap elementor-element elementor-element-e9b8884 e-flex e-con-boxed e-con e-parent\" data-id=\"e9b8884\" data-element_type=\"container\">\n\t\t\t\t\t<div class=\"e-con-inner\">\n\t\t\t\t<div class=\"elementor-element elementor-element-9f4ff78 color-scheme-inherit text-left elementor-widget elementor-widget-text-editor\" data-id=\"9f4ff78\" data-element_type=\"widget\" data-widget_type=\"text-editor.default\">\n\t\t\t\t<div class=\"elementor-widget-container\">\n\t\t\t\t\t\t\t<p><strong>Was sind Cookies?<\/strong><\/p>\n<p>Cookies sind kleine Textdateien, die auf Ihren Computer oder Ihr Mobilger\u00e4t heruntergeladen werden, wenn Sie eine Website besuchen. Cookies enthalten in der Regel den Namen des Servers, von dem das Cookie gesendet wurde, die Lebensdauer des Cookies und einen Wert, bei dem es sich in der Regel um eine zuf\u00e4llig generierte eindeutige Nummer handelt. <\/p>\n<p>Cookies auf der Website https:\/\/opikar.com sorgen f\u00fcr eine bessere Nutzererfahrung und erm\u00f6glichen Ihnen die Nutzung der Website und der Funktionen auf der Website (Einloggen, Videos ansehen, Inhalte in sozialen Netzwerken teilen) und sammeln aggregierte Informationen \u00fcber die Nutzung unserer Website.<\/p>\n<p>Cookies an sich identifizieren Sie nicht und k\u00f6nnen nicht allein dazu verwendet werden, um herauszufinden, wer Sie sind.<\/p>\n<p><strong>Arten von Cookies, die wir benutzen<\/strong><\/p>\n<p><strong>Gruppe 1 \u2013 unbedingt erforderliche Cookies<\/strong><\/p>\n<p>Streng notwendige Cookies sind Cookies, die Ihnen den Zugriff auf die Website erm\u00f6glichen und f\u00fcr das Funktionieren bestimmter Website-Funktionen unerl\u00e4sslich sind, weshalb wir sie immer auf Ihrem Ger\u00e4t platzieren. Sie werden gesetzt, wenn Sie mit der Website interagieren und sammeln keine analytischen oder anderen Informationen \u00fcber Ihren Besuch. <\/p>\n<p>Die folgende Tabelle zeigt, welche Cookies wir auf der Website verwenden:<\/p>\n<table width=\"938\">\n<thead>\n<tr>\n<td>\n<p><strong>DIENSTLEISTUNG<\/strong><\/p>\n<\/td>\n<td>\n<p><strong>SPEICHERDAUER VON COOKIES<\/strong><\/p>\n<\/td>\n<td>\n<p><strong>INSTALLATION UND VERWALTUNG VON DATEN<\/strong><\/p>\n<\/td>\n<td>\n<p><strong>ZWECK DER VERARBEITUNG DER DURCH DEN COOKIE GESAMMELTEN DATEN<\/strong><\/p>\n<\/td>\n<\/tr>\n<\/thead>\n<tbody>\n<tr>\n<td>\n<p>cookies<\/p>\n<\/td>\n<td>\n<p>1 Jahr<\/p>\n<\/td>\n<td>\n<p>https:\/\/opikar-furniture.si<\/p>\n<\/td>\n<td>\n<p>Dieses Cookie wird verwendet, um Ihre Auswahl an Cookies zu speichern. Die von dem Cookie gesammelten Informationen werden nicht an Dritte weitergegeben. <\/p>\n<\/td>\n<\/tr>\n<\/tbody>\n<\/table>\n<p><strong>Gruppe 2 \u2013 unsere eigenen <\/strong> <strong>analytischen Cookies <\/strong><\/p>\n<p>Dazu geh\u00f6ren analytische und funktionale Cookies, die dazu dienen, den Verkehr auf der Website zu analysieren.<\/p>\n<p>Unsere eigenen analytischen Cookies werden auf Ihrem Ger\u00e4t platziert, sobald Sie auf unsere Website gelangen, und werden immer platziert, es sei denn, Sie w\u00e4hlen in den Cookie-Einstellungen die Option \u00bbIch stimme nicht zu\u00ab.<\/p>\n<p>Unsere eigenen analytischen Cookies sammeln keine pers\u00f6nlich identifizierbaren Informationen. Wir sch\u00fctzen Ihre Privatsph\u00e4re, indem wir Ihre IP-Adresse verschl\u00fcsseln, damit Ihr Ger\u00e4t anhand der erfassten Daten nicht zur\u00fcckverfolgt werden kann. Wir geben auch keine Daten, die durch unsere eigenen Analyse-Cookies gesammelt wurden, an Dritte weiter.  <\/p>\n<p>Die folgende Tabelle zeigt, welche Cookies wir auf der Website verwenden:<\/p>\n<table width=\"938\">\n<tbody>\n<tr>\n<td>\n<p><strong>DIENSTLEISTUNG<\/strong><\/p>\n<\/td>\n<td>\n<p><strong>SPEICHERDAUER VON COOKIES<\/strong><\/p>\n<\/td>\n<td>\n<p><strong>INSTALLATION UND VERWALTUNG VON DATEN<\/strong><\/p>\n<\/td>\n<td>\n<p><strong>ZWECK DER VERARBEITUNG DER DURCH DEN COOKIE GESAMMELTEN DATEN<\/strong><\/p>\n<\/td>\n<\/tr>\n<tr>\n<td>\n<p>_ga<\/p>\n<\/td>\n<td>\n<p>2 Jahre<\/p>\n<\/td>\n<td>\n<p><a href=\"http:\/\/www.google.com\/about\/company\/\">Google Inc.<\/a><\/p>\n<\/td>\n<td>\n<p>Cookies von Google Analytics f\u00fcr die Analyse der Besuche auf unserer Website. Sie verfolgen Sie anonym und identifizieren nicht Ihre pers\u00f6nlichen Daten, sondern nur Ihre Aktivit\u00e4ten auf unserer Website. Der Zugriff auf die durch diese Cookies gesammelten Daten ist f\u00fcr Dritte nicht m\u00f6glich.  <\/p>\n<\/td>\n<\/tr>\n<tr>\n<td>\n<p>_gat<\/p>\n<\/td>\n<td>\n<p>Bis zum Ende der Sitzung<\/p>\n<\/td>\n<td>\n<p><a href=\"http:\/\/www.google.com\/about\/company\/\">Google Inc.<\/a><\/p>\n<\/td>\n<td>\n<p>Cookies von Google Analytics f\u00fcr die Analyse der Besuche auf unserer Website. Sie verfolgen Sie anonym und identifizieren nicht Ihre pers\u00f6nlichen Daten, sondern nur Ihre Aktivit\u00e4ten auf unserer Website. Der Zugriff auf die durch diese Cookies gesammelten Daten ist f\u00fcr Dritte nicht m\u00f6glich.  <\/p>\n<\/td>\n<\/tr>\n<tr>\n<td>\n<p>_gid<\/p>\n<\/td>\n<td>\n<p>Bis zum Ende der Sitzung<\/p>\n<\/td>\n<td>\n<p><a href=\"http:\/\/www.google.com\/about\/company\/\">Google Inc.<\/a><\/p>\n<\/td>\n<td>\n<p>Cookies von Google Analytics f\u00fcr die Analyse der Besuche auf unserer Website. Sie verfolgen Sie anonym und identifizieren nicht Ihre pers\u00f6nlichen Daten, sondern nur Ihre Aktivit\u00e4ten auf unserer Website. Der Zugriff auf die durch diese Cookies gesammelten Daten ist f\u00fcr Dritte nicht m\u00f6glich.  <\/p>\n<\/td>\n<\/tr>\n<\/tbody>\n<\/table>\n<p><strong>Gruppe 3 \u2013 Cookies von Partnerdiensten<\/strong><\/p>\n<p>Dazu geh\u00f6ren auch Cookies von unseren Partnerdiensten wie Facebook, LinkedIn, Google usw. Diese Cookies erm\u00f6glichen die Nutzung von Plug-ins und Funktionen auf der Website, die mit ihren sozialen Netzwerken und anderen Plattformen verkn\u00fcpft sind, und um Ihre Nutzung ihrer Dienste zu verfolgen. Durch die Nutzung der Website erkl\u00e4ren Sie sich mit der Installation von Cookies einverstanden. Wenn Sie damit nicht einverstanden sind, w\u00e4hlen Sie bitte \u201eIch stimme der Verwendung nicht zu\u201c und wir werden diese Cookies nicht installieren. In diesem Fall k\u00f6nnen Sie m\u00f6glicherweise einige der interessanten Funktionen der Website nicht nutzen.    <\/p>\n<p>Cookies von Drittanbietern werden nur gesetzt, wenn Sie dies ausdr\u00fccklich zulassen, indem Sie die Option \u00bbIch stimme zu\u00ab in den Cookie-Einstellungen auf unserer Website ausw\u00e4hlen. Cookies von Drittanbietern erm\u00f6glichen eine bessere Nutzererfahrung, die gemeinsame Nutzung von Inhalten \u00fcber verschiedene soziale Netzwerke sowie die Anpassung von Angeboten an Ihre Pr\u00e4ferenzen und Bed\u00fcrfnisse, die Sie durch Ihre bisherigen Surferfahrungen gesammelt haben. <\/p>\n<table width=\"935\">\n<tbody>\n<tr>\n<td>\n<p><strong>DIENSTLEISTUNG<\/strong><\/p>\n<\/td>\n<td>\n<p><strong>SPEICHERDAUER VON COOKIES<\/strong><\/p>\n<\/td>\n<td>\n<p><strong>INSTALLATION UND VERWALTUNG VON DATEN<\/strong><\/p>\n<\/td>\n<td>\n<p><strong>ZWECK DER VERARBEITUNG DER DURCH DEN COOKIE GESAMMELTEN DATEN<\/strong><\/p>\n<\/td>\n<\/tr>\n<tr>\n<td>\n<p>_fbc<\/p>\n<\/td>\n<td>\n<p>3 Monate<\/p>\n<\/td>\n<td>\n<p>Facebook Inc.<\/p>\n<\/td>\n<td>\n<p>Analytische Cookies verwenden eine Funktion zur Anonymisierung der IP-Adresse, so dass Ihre IP-Adresse nicht an Dritte weitergegeben wird.<\/p>\n<\/td>\n<\/tr>\n<tr>\n<td>\n<p>_fbp<\/p>\n<\/td>\n<td>\n<p>3 Monate<\/p>\n<\/td>\n<td>\n<p>Facebook Inc.<\/p>\n<\/td>\n<td>\n<p>Analytische Cookies verwenden eine IP-Anonymisierungsfunktion, damit Ihre IP-Adresse nicht an Dritte weitergegeben wird.<\/p>\n<\/td>\n<\/tr>\n<\/tbody>\n<\/table>\n<p><strong>Ihre <\/strong> <strong>Einstellungen zur Platzierung von Cookies auf unserer Website<\/strong><\/p>\n<p>Sie k\u00f6nnen Ihre Einstellungen&nbsp;<a href=\"https:\/\/www.opikar.com\/cookie-settings#cookies\">hier <\/a> bearbeiten.<\/p>\t\t\t\t\t\t<\/div>\n\t\t\t\t<\/div>\n\t\t\t\t\t<\/div>\n\t\t\t\t<\/div>\n\t\t\t\t<\/div>\n\t\t","protected":false},"excerpt":{"rendered":"<p>Was sind Cookies? Cookies sind kleine Textdateien, die auf Ihren Computer oder Ihr Mobilger\u00e4t heruntergeladen werden, wenn Sie eine Website<\/p>\n","protected":false},"author":1,"featured_media":0,"parent":0,"menu_order":0,"comment_status":"closed","ping_status":"closed","template":"elementor_header_footer","meta":{"footnotes":""},"class_list":["post-5444","page","type-page","status-publish","hentry"],"yoast_head":"<!-- This site is optimized with the Yoast SEO plugin v22.7 - https:\/\/yoast.com\/wordpress\/plugins\/seo\/ -->\n<title>Cookies - OPIKAR Furniture<\/title>\n<meta name=\"robots\" content=\"index, follow, max-snippet:-1, max-image-preview:large, max-video-preview:-1\" \/>\n<link rel=\"canonical\" href=\"https:\/\/opikar-furniture.com\/de\/cookies\/\" \/>\n<meta property=\"og:locale\" content=\"de_DE\" \/>\n<meta property=\"og:type\" content=\"article\" \/>\n<meta property=\"og:title\" content=\"Cookies - OPIKAR Furniture\" \/>\n<meta property=\"og:description\" content=\"Was sind Cookies? Cookies sind kleine Textdateien, die auf Ihren Computer oder Ihr Mobilger\u00e4t heruntergeladen werden, wenn Sie eine Website\" \/>\n<meta property=\"og:url\" content=\"https:\/\/opikar-furniture.com\/de\/cookies\/\" \/>\n<meta property=\"og:site_name\" content=\"OPIKAR Furniture\" \/>\n<meta property=\"article:modified_time\" content=\"2024-05-31T16:20:46+00:00\" \/>\n<meta name=\"twitter:card\" content=\"summary_large_image\" \/>\n<meta name=\"twitter:label1\" content=\"Gesch\u00e4tzte Lesezeit\" \/>\n\t<meta name=\"twitter:data1\" content=\"4\u00a0Minuten\" \/>\n<script type=\"application\/ld+json\" class=\"yoast-schema-graph\">{\"@context\":\"https:\/\/schema.org\",\"@graph\":[{\"@type\":\"WebPage\",\"@id\":\"https:\/\/opikar-furniture.com\/de\/cookies\/\",\"url\":\"https:\/\/opikar-furniture.com\/de\/cookies\/\",\"name\":\"Cookies - OPIKAR Furniture\",\"isPartOf\":{\"@id\":\"https:\/\/opikar-furniture.com\/de\/#website\"},\"datePublished\":\"2024-03-11T11:11:46+00:00\",\"dateModified\":\"2024-05-31T16:20:46+00:00\",\"breadcrumb\":{\"@id\":\"https:\/\/opikar-furniture.com\/de\/cookies\/#breadcrumb\"},\"inLanguage\":\"de\",\"potentialAction\":[{\"@type\":\"ReadAction\",\"target\":[\"https:\/\/opikar-furniture.com\/de\/cookies\/\"]}]},{\"@type\":\"BreadcrumbList\",\"@id\":\"https:\/\/opikar-furniture.com\/de\/cookies\/#breadcrumb\",\"itemListElement\":[{\"@type\":\"ListItem\",\"position\":1,\"name\":\"Home\",\"item\":\"https:\/\/opikar-furniture.com\/de\/opikar-furniture\/\"},{\"@type\":\"ListItem\",\"position\":2,\"name\":\"Cookies\"}]},{\"@type\":\"WebSite\",\"@id\":\"https:\/\/opikar-furniture.com\/de\/#website\",\"url\":\"https:\/\/opikar-furniture.com\/de\/\",\"name\":\"OPIKAR Furniture\",\"description\":\"\",\"publisher\":{\"@id\":\"https:\/\/opikar-furniture.com\/de\/#organization\"},\"potentialAction\":[{\"@type\":\"SearchAction\",\"target\":{\"@type\":\"EntryPoint\",\"urlTemplate\":\"https:\/\/opikar-furniture.com\/de\/?s={search_term_string}\"},\"query-input\":\"required name=search_term_string\"}],\"inLanguage\":\"de\"},{\"@type\":\"Organization\",\"@id\":\"https:\/\/opikar-furniture.com\/de\/#organization\",\"name\":\"OPIKAR Furniture\",\"url\":\"https:\/\/opikar-furniture.com\/de\/\",\"logo\":{\"@type\":\"ImageObject\",\"inLanguage\":\"de\",\"@id\":\"https:\/\/opikar-furniture.com\/de\/#\/schema\/logo\/image\/\",\"url\":\"https:\/\/opikar-furniture.com\/wp-content\/uploads\/2024\/03\/Logo-70.png\",\"contentUrl\":\"https:\/\/opikar-furniture.com\/wp-content\/uploads\/2024\/03\/Logo-70.png\",\"width\":271,\"height\":70,\"caption\":\"OPIKAR Furniture\"},\"image\":{\"@id\":\"https:\/\/opikar-furniture.com\/de\/#\/schema\/logo\/image\/\"}}]}<\/script>\n<!-- \/ Yoast SEO plugin. -->","yoast_head_json":{"title":"Cookies - OPIKAR Furniture","robots":{"index":"index","follow":"follow","max-snippet":"max-snippet:-1","max-image-preview":"max-image-preview:large","max-video-preview":"max-video-preview:-1"},"canonical":"https:\/\/opikar-furniture.com\/de\/cookies\/","og_locale":"de_DE","og_type":"article","og_title":"Cookies - OPIKAR Furniture","og_description":"Was sind Cookies? Cookies sind kleine Textdateien, die auf Ihren Computer oder Ihr Mobilger\u00e4t heruntergeladen werden, wenn Sie eine Website","og_url":"https:\/\/opikar-furniture.com\/de\/cookies\/","og_site_name":"OPIKAR Furniture","article_modified_time":"2024-05-31T16:20:46+00:00","twitter_card":"summary_large_image","twitter_misc":{"Gesch\u00e4tzte Lesezeit":"4\u00a0Minuten"},"schema":{"@context":"https:\/\/schema.org","@graph":[{"@type":"WebPage","@id":"https:\/\/opikar-furniture.com\/de\/cookies\/","url":"https:\/\/opikar-furniture.com\/de\/cookies\/","name":"Cookies - OPIKAR Furniture","isPartOf":{"@id":"https:\/\/opikar-furniture.com\/de\/#website"},"datePublished":"2024-03-11T11:11:46+00:00","dateModified":"2024-05-31T16:20:46+00:00","breadcrumb":{"@id":"https:\/\/opikar-furniture.com\/de\/cookies\/#breadcrumb"},"inLanguage":"de","potentialAction":[{"@type":"ReadAction","target":["https:\/\/opikar-furniture.com\/de\/cookies\/"]}]},{"@type":"BreadcrumbList","@id":"https:\/\/opikar-furniture.com\/de\/cookies\/#breadcrumb","itemListElement":[{"@type":"ListItem","position":1,"name":"Home","item":"https:\/\/opikar-furniture.com\/de\/opikar-furniture\/"},{"@type":"ListItem","position":2,"name":"Cookies"}]},{"@type":"WebSite","@id":"https:\/\/opikar-furniture.com\/de\/#website","url":"https:\/\/opikar-furniture.com\/de\/","name":"OPIKAR Furniture","description":"","publisher":{"@id":"https:\/\/opikar-furniture.com\/de\/#organization"},"potentialAction":[{"@type":"SearchAction","target":{"@type":"EntryPoint","urlTemplate":"https:\/\/opikar-furniture.com\/de\/?s={search_term_string}"},"query-input":"required name=search_term_string"}],"inLanguage":"de"},{"@type":"Organization","@id":"https:\/\/opikar-furniture.com\/de\/#organization","name":"OPIKAR Furniture","url":"https:\/\/opikar-furniture.com\/de\/","logo":{"@type":"ImageObject","inLanguage":"de","@id":"https:\/\/opikar-furniture.com\/de\/#\/schema\/logo\/image\/","url":"https:\/\/opikar-furniture.com\/wp-content\/uploads\/2024\/03\/Logo-70.png","contentUrl":"https:\/\/opikar-furniture.com\/wp-content\/uploads\/2024\/03\/Logo-70.png","width":271,"height":70,"caption":"OPIKAR Furniture"},"image":{"@id":"https:\/\/opikar-furniture.com\/de\/#\/schema\/logo\/image\/"}}]}},"_links":{"self":[{"href":"https:\/\/opikar-furniture.com\/de\/wp-json\/wp\/v2\/pages\/5444","targetHints":{"allow":["GET"]}}],"collection":[{"href":"https:\/\/opikar-furniture.com\/de\/wp-json\/wp\/v2\/pages"}],"about":[{"href":"https:\/\/opikar-furniture.com\/de\/wp-json\/wp\/v2\/types\/page"}],"author":[{"embeddable":true,"href":"https:\/\/opikar-furniture.com\/de\/wp-json\/wp\/v2\/users\/1"}],"replies":[{"embeddable":true,"href":"https:\/\/opikar-furniture.com\/de\/wp-json\/wp\/v2\/comments?post=5444"}],"version-history":[{"count":1,"href":"https:\/\/opikar-furniture.com\/de\/wp-json\/wp\/v2\/pages\/5444\/revisions"}],"predecessor-version":[{"id":5445,"href":"https:\/\/opikar-furniture.com\/de\/wp-json\/wp\/v2\/pages\/5444\/revisions\/5445"}],"wp:attachment":[{"href":"https:\/\/opikar-furniture.com\/de\/wp-json\/wp\/v2\/media?parent=5444"}],"curies":[{"name":"wp","href":"https:\/\/api.w.org\/{rel}","templated":true}]}}